{"id":23,"date":"2016-10-24T19:27:13","date_gmt":"2016-10-24T17:27:13","guid":{"rendered":"http:\/\/test.ct-malin.com\/controle-technique\/?page_id=23"},"modified":"2024-12-13T09:59:45","modified_gmt":"2024-12-13T08:59:45","slug":"infos-controle","status":"publish","type":"page","link":"https:\/\/www.ct-malin.com\/controle-technique-pas-cher\/infos-controle\/","title":{"rendered":"Infos Contr\u00f4le"},"content":{"rendered":"\t\t<div data-elementor-type=\"wp-page\" data-elementor-id=\"23\" class=\"elementor elementor-23\" data-elementor-post-type=\"page\">\n\t\t\t\t<div class=\"elementor-element elementor-element-5a769b3 e-flex e-con-boxed e-con e-parent\" data-id=\"5a769b3\" data-element_type=\"container\" data-e-type=\"container\">\n\t\t\t\t\t<div class=\"e-con-inner\">\n\t\t\t\t<div class=\"elementor-element elementor-element-b12d726 elementor-widget elementor-widget-heading\" data-id=\"b12d726\" data-element_type=\"widget\" data-e-type=\"widget\" data-widget_type=\"heading.default\">\n\t\t\t\t\t<h1 class=\"elementor-heading-title elementor-size-default\">Infos Contr\u00f4le technique CT malin 124 points v\u00e9rifi\u00e9s !<\/h1>\t\t\t\t<\/div>\n\t\t\t\t<div class=\"elementor-element elementor-element-35e17bc elementor-widget elementor-widget-text-editor\" data-id=\"35e17bc\" data-element_type=\"widget\" data-e-type=\"widget\" data-widget_type=\"text-editor.default\">\n\t\t\t\t\t\t\t\t\t<p><big>Le Contr\u00f4le Technique pour les v\u00e9hicules de moins de 3.5 T (voitures particuli\u00e8res et camionnettes)<\/big><\/p>\t\t\t\t\t\t\t\t<\/div>\n\t\t\t\t<div class=\"elementor-element elementor-element-2deb55a elementor-widget elementor-widget-text-editor\" data-id=\"2deb55a\" data-element_type=\"widget\" data-e-type=\"widget\" data-widget_type=\"text-editor.default\">\n\t\t\t\t\t\t\t\t\t<p>Le<strong> Contr\u00f4le Technique<\/strong> est une visite p\u00e9riodique r\u00e9glement\u00e9e, effectu\u00e9e par un contr\u00f4leur agr\u00e9\u00e9 par l&rsquo;\u00e9tat dans un centre \u00e9galement agr\u00e9\u00e9. Il est effectu\u00e9 sans aucun d\u00e9montage et concerne <strong class=\"rouge\">124 points li\u00e9s \u00e0\u00a0 la s\u00e9curit\u00e9 et au respect de l&rsquo;environnement<\/strong>.Il se d\u00e9roule en une quarantaine de minutes.<\/p><div class=\"article\"><ul><li>Le Contr\u00f4le Technique d&rsquo;un v\u00e9hicule doit \u00eatre r\u00e9alis\u00e9 dans les <strong>6 mois pr\u00e9c\u00e9dent<\/strong> le 4e anniversaire de sa premi\u00e8re mise en circulation, puis tous les deux ans.<\/li><li>Lors d&rsquo;un <strong>changement de carte grise<\/strong> en cas de cession du v\u00e9hicule<strong>,<\/strong>\u00a0la pr\u00e9fecture exigera un contr\u00f4le technique datant de moins de 6 mois si le v\u00e9hicule a plus de 4 ans.<\/li><li>Toutefois il existe quelques diff\u00e9rences selon la cat\u00e9gorie du v\u00e9hicule, en effet les v\u00e9hicules de d\u00e9pannage, de transport sanitaire ou ceux affect\u00e9s au transport public de personnes (moins de dix places) doivent passer <strong>leur visite technique tous les ans<\/strong>.<\/li><li>Vient s&rsquo;ajouter pour les <strong>v\u00e9hicules utilitaires\u00a0<\/strong>de plus de quatre ans, une<strong> visite Compl\u00e9mentaire Pollution<\/strong> tous les ans.<\/li><li>En revanche les v\u00e9hicules de collection sont soumis \u00e0\u00a0 1 contr\u00f4le tous les 5 ans.<\/li><\/ul><p><strong>Les points de contr\u00f4le portent sur l&rsquo;identification du v\u00e9hicule, le freinage, la direction, la visibilit\u00e9, l&rsquo;\u00e9clairage, les pneumatiques, la carrosserie, les \u00e9quipements, les organes m\u00e9caniques et la pollution.<\/strong><\/p><\/div>\t\t\t\t\t\t\t\t<\/div>\n\t\t\t\t\t<\/div>\n\t\t\t\t<\/div>\n\t\t<div class=\"elementor-element elementor-element-a2c8b53 e-flex e-con-boxed e-con e-parent\" data-id=\"a2c8b53\" data-element_type=\"container\" data-e-type=\"container\">\n\t\t\t\t\t<div class=\"e-con-inner\">\n\t\t\t\t<div class=\"elementor-element elementor-element-163accd elementor-widget elementor-widget-text-editor\" data-id=\"163accd\" data-element_type=\"widget\" data-e-type=\"widget\" data-widget_type=\"text-editor.default\">\n\t\t\t\t\t\t\t\t\t<p>Pour tous contr\u00f4le qu&rsquo;il soit r\u00e9glementaire, volontaire, ou compl\u00e9mentaire pollution, la <strong>pr\u00e9sentation de la carte grise est OBLIGATOIRE<\/strong>, pour les contre-visites le rapport initial l&rsquo;est \u00e9galement.<\/p>\t\t\t\t\t\t\t\t<\/div>\n\t\t\t\t\t<\/div>\n\t\t\t\t<\/div>\n\t\t<div class=\"elementor-element elementor-element-6524a02 e-flex e-con-boxed e-con e-parent\" data-id=\"6524a02\" data-element_type=\"container\" data-e-type=\"container\">\n\t\t\t\t\t<div class=\"e-con-inner\">\n\t\t\t\t<div class=\"elementor-element elementor-element-1e13303 elementor-widget elementor-widget-heading\" data-id=\"1e13303\" data-element_type=\"widget\" data-e-type=\"widget\" data-widget_type=\"heading.default\">\n\t\t\t\t\t<h2 class=\"elementor-heading-title elementor-size-default\">Relance<\/h2>\t\t\t\t<\/div>\n\t\t\t\t<div class=\"elementor-element elementor-element-59aa74b elementor-widget elementor-widget-text-editor\" data-id=\"59aa74b\" data-element_type=\"widget\" data-e-type=\"widget\" data-widget_type=\"text-editor.default\">\n\t\t\t\t\t\t\t\t\t<p>Afin d&rsquo;\u00eatre \u00e0\u00a0 l&rsquo;abri des petits et des gros oublis le centre de contr\u00f4le vous \u00e9crit une quinzaine de jours avant le deuxi\u00e8me anniversaire de votre Contr\u00f4le Technique. Vous avez \u00e9galement la possibilit\u00e9 de l&rsquo;informer de la vente ou de l&rsquo;achat d&rsquo;un v\u00e9hicule afin d&rsquo;adapter au mieux notre correspondance.<\/p>\t\t\t\t\t\t\t\t<\/div>\n\t\t\t\t\t<\/div>\n\t\t\t\t<\/div>\n\t\t<div class=\"elementor-element elementor-element-b9f701b e-flex e-con-boxed e-con e-parent\" data-id=\"b9f701b\" data-element_type=\"container\" data-e-type=\"container\">\n\t\t\t\t\t<div class=\"e-con-inner\">\n\t\t\t\t<div class=\"elementor-element elementor-element-d4aa1ca elementor-widget elementor-widget-heading\" data-id=\"d4aa1ca\" data-element_type=\"widget\" data-e-type=\"widget\" data-widget_type=\"heading.default\">\n\t\t\t\t\t<h2 class=\"elementor-heading-title elementor-size-default\">La contre visite<\/h2>\t\t\t\t<\/div>\n\t\t\t\t<div class=\"elementor-element elementor-element-25b4e11 elementor-widget elementor-widget-text-editor\" data-id=\"25b4e11\" data-element_type=\"widget\" data-e-type=\"widget\" data-widget_type=\"text-editor.default\">\n\t\t\t\t\t\t\t\t\t<p>Sur les 124 points de contr\u00f4le, 72 d&rsquo;entre eux, si ils sont d\u00e9tect\u00e9s comme d\u00e9fectueux, ont une\u00a0<strong>obligation de r\u00e9paration<\/strong>, et sont donc soumis<strong> \u00e0\u00a0 une contre-visite<\/strong>. Un <strong>d\u00e9lai de deux mois<\/strong> est octroy\u00e9 pour r\u00e9aliser les r\u00e9parations et repr\u00e9senter le v\u00e9hicule \u00e0\u00a0 la contre-visite. Pass\u00e9 ce d\u00e9lai, outre les risques pris (accident, gendarmerie, assurance) un nouveau Contr\u00f4le technique complet est obligatoire.<\/p>\t\t\t\t\t\t\t\t<\/div>\n\t\t\t\t\t<\/div>\n\t\t\t\t<\/div>\n\t\t<div class=\"elementor-element elementor-element-19bfed8 e-flex e-con-boxed e-con e-parent\" data-id=\"19bfed8\" data-element_type=\"container\" data-e-type=\"container\">\n\t\t\t\t\t<div class=\"e-con-inner\">\n\t\t\t\t<div class=\"elementor-element elementor-element-7bcd133 elementor-widget elementor-widget-heading\" data-id=\"7bcd133\" data-element_type=\"widget\" data-e-type=\"widget\" data-widget_type=\"heading.default\">\n\t\t\t\t\t<h2 class=\"elementor-heading-title elementor-size-default\">Comment \u00e9viter au mieux une contre visite<\/h2>\t\t\t\t<\/div>\n\t\t\t\t<div class=\"elementor-element elementor-element-f8d3273 elementor-widget elementor-widget-text-editor\" data-id=\"f8d3273\" data-element_type=\"widget\" data-e-type=\"widget\" data-widget_type=\"text-editor.default\">\n\t\t\t\t\t\t\t\t\t<p>Entretenez r\u00e9guli\u00e8rement votre v\u00e9hicule.\u00a0<strong>Ce que vous pouvez v\u00e9rifier vous-m\u00eame avant le passage au contr\u00f4le technique :<\/strong><\/p><ul><li>Plaques d&rsquo;immatriculation : \u00e9tat, fixation, conformit\u00e9<\/li><li>Eclairage et signalisation : fonctionnement de toutes les ampoules<\/li><li>R\u00e9troviseur : \u00e9tat, et fixation<\/li><li>Pneus : dimension et \u00e9tat<\/li><li>Carrosserie : absence de partie saillante, bon fonctionnement des portes et du capot<\/li><li>Essuie-glace, lave glace : bon fonctionnement<\/li><\/ul><p>Si un ou plusieurs de ces points sont d\u00e9fectueux, faites les r\u00e9parer avant votre Contr\u00f4le Technique cela vous \u00e9vitera la Contre Visite.<\/p>\t\t\t\t\t\t\t\t<\/div>\n\t\t\t\t\t<\/div>\n\t\t\t\t<\/div>\n\t\t\t\t<\/div>\n\t\t","protected":false},"excerpt":{"rendered":"<p>Infos Contr\u00f4le technique CT malin 124 points v\u00e9rifi\u00e9s ! Le Contr\u00f4le Technique pour les v\u00e9hicules de moins de 3.5 T (voitures particuli\u00e8res et camionnettes) Le Contr\u00f4le Technique est une visite p\u00e9riodique r\u00e9glement\u00e9e, effectu\u00e9e par un contr\u00f4leur agr\u00e9\u00e9 par l&rsquo;\u00e9tat dans un centre \u00e9galement agr\u00e9\u00e9. Il est effectu\u00e9 sans aucun d\u00e9montage et concerne 124 points li\u00e9s [&hellip;]<\/p>\n","protected":false},"author":1,"featured_media":0,"parent":0,"menu_order":0,"comment_status":"closed","ping_status":"closed","template":"","meta":{"footnotes":""},"class_list":["post-23","page","type-page","status-publish","hentry"],"_links":{"self":[{"href":"https:\/\/www.ct-malin.com\/controle-technique-pas-cher\/wp-json\/wp\/v2\/pages\/23","targetHints":{"allow":["GET"]}}],"collection":[{"href":"https:\/\/www.ct-malin.com\/controle-technique-pas-cher\/wp-json\/wp\/v2\/pages"}],"about":[{"href":"https:\/\/www.ct-malin.com\/controle-technique-pas-cher\/wp-json\/wp\/v2\/types\/page"}],"author":[{"embeddable":true,"href":"https:\/\/www.ct-malin.com\/controle-technique-pas-cher\/wp-json\/wp\/v2\/users\/1"}],"replies":[{"embeddable":true,"href":"https:\/\/www.ct-malin.com\/controle-technique-pas-cher\/wp-json\/wp\/v2\/comments?post=23"}],"version-history":[{"count":12,"href":"https:\/\/www.ct-malin.com\/controle-technique-pas-cher\/wp-json\/wp\/v2\/pages\/23\/revisions"}],"predecessor-version":[{"id":1215,"href":"https:\/\/www.ct-malin.com\/controle-technique-pas-cher\/wp-json\/wp\/v2\/pages\/23\/revisions\/1215"}],"wp:attachment":[{"href":"https:\/\/www.ct-malin.com\/controle-technique-pas-cher\/wp-json\/wp\/v2\/media?parent=23"}],"curies":[{"name":"wp","href":"https:\/\/api.w.org\/{rel}","templated":true}]}}