{"id":20,"date":"2016-10-24T19:25:23","date_gmt":"2016-10-24T17:25:23","guid":{"rendered":"http:\/\/test.ct-malin.com\/controle-technique\/?page_id=20"},"modified":"2024-12-13T10:05:18","modified_gmt":"2024-12-13T09:05:18","slug":"la-qualite-ct-malin","status":"publish","type":"page","link":"https:\/\/www.ct-malin.com\/controle-technique-pas-cher\/la-qualite-ct-malin\/","title":{"rendered":"La Qualit\u00e9 CT MALIN"},"content":{"rendered":"\t\t<div data-elementor-type=\"wp-page\" data-elementor-id=\"20\" class=\"elementor elementor-20\" data-elementor-post-type=\"page\">\n\t\t\t\t<div class=\"elementor-element elementor-element-bea649f e-flex e-con-boxed e-con e-parent\" data-id=\"bea649f\" data-element_type=\"container\" data-e-type=\"container\">\n\t\t\t\t\t<div class=\"e-con-inner\">\n\t\t\t\t<div class=\"elementor-element elementor-element-675641e elementor-widget elementor-widget-heading\" data-id=\"675641e\" data-element_type=\"widget\" data-e-type=\"widget\" data-widget_type=\"heading.default\">\n\t\t\t\t\t<h1 class=\"elementor-heading-title elementor-size-default\">La Qualit\u00e9 CT MALIN<\/h1>\t\t\t\t<\/div>\n\t\t\t\t\t<\/div>\n\t\t\t\t<\/div>\n\t\t<div class=\"elementor-element elementor-element-7ca94d7 e-flex e-con-boxed e-con e-parent\" data-id=\"7ca94d7\" data-element_type=\"container\" data-e-type=\"container\">\n\t\t\t\t\t<div class=\"e-con-inner\">\n\t\t\t\t<div class=\"elementor-element elementor-element-fe4e049 elementor-widget elementor-widget-text-editor\" data-id=\"fe4e049\" data-element_type=\"widget\" data-e-type=\"widget\" data-widget_type=\"text-editor.default\">\n\t\t\t\t\t\t\t\t\t<p>La Qualit\u00e9 des contr\u00f4les techniques CT MALIN \u00e0\u00a0 petit prix, pas cher mais de grande qualit\u00e9<br \/>En devenant adh\u00e9rant \u00e0\u00a0 CT Malin, nos centres partenaires se sont engag\u00e9s \u00e0\u00a0 respecter une charte de qualit\u00e9 concernant leurs prestations.<\/p>\t\t\t\t\t\t\t\t<\/div>\n\t\t\t\t\t<\/div>\n\t\t\t\t<\/div>\n\t\t<div class=\"elementor-element elementor-element-a012372 e-flex e-con-boxed e-con e-parent\" data-id=\"a012372\" data-element_type=\"container\" data-e-type=\"container\">\n\t\t\t\t\t<div class=\"e-con-inner\">\n\t\t\t\t<div class=\"elementor-element elementor-element-a19a21a elementor-widget elementor-widget-heading\" data-id=\"a19a21a\" data-element_type=\"widget\" data-e-type=\"widget\" data-widget_type=\"heading.default\">\n\t\t\t\t\t<h2 class=\"elementor-heading-title elementor-size-default\">Petits prix mais grande qualit\u00e9 !<\/h2>\t\t\t\t<\/div>\n\t\t\t\t<div class=\"elementor-element elementor-element-19d9ad5 elementor-widget elementor-widget-text-editor\" data-id=\"19d9ad5\" data-element_type=\"widget\" data-e-type=\"widget\" data-widget_type=\"text-editor.default\">\n\t\t\t\t\t\t\t\t\t<p>En plus du fait que tous nos centres partenaires sont agr\u00e9\u00e9s par le minist\u00e8re charg\u00e9 des transports, ils s&rsquo;engagent \u00e0\u00a0 respecter point par point un cahier des charges complet li\u00e9 \u00e0\u00a0 la qualit\u00e9 d&rsquo;un contr\u00f4le technique.<br \/>Nos Centres Partenaires et contr\u00f4leurs ont tous un agr\u00e9ment d&rsquo;\u00e9tat.<\/p><p>Centres ind\u00e9pendants ou affili\u00e9s \u00e0\u00a0 des r\u00e9seaux nationaux. Pour chaque contr\u00f4le technique un cahier des charges complet, respectant l&rsquo;ensemble des pr\u00e9conisations du minist\u00e8re charg\u00e9 des transports, est appliqu\u00e9 \u00e0\u00a0 la lettre. Il s&rsquo;agit des 124 points de contr\u00f4les li\u00e9s \u00e0\u00a0 la s\u00e9curit\u00e9 et au respect de l&rsquo;environnement, si vous souhaitez en savoir plus vous pouvez nous contacter par mail \u00e0 l&rsquo;adresse contact@ct-malin.com ou en cliquant ici.<br \/>Choisir CT Malin, c&rsquo;est s&rsquo;assurer d&rsquo;un gage de qualit\u00e9 et de tarifs !<\/p><p>R\u00e9server votre contr\u00f4le technique avec CT Malin, c&rsquo;est la solution la plus simple pour trouver des tarifs selon vos disponibilit\u00e9s ou votre budget. CT malin ce sont des tarifs tr\u00e8s avantageux qui vous font b\u00e9n\u00e9ficier de 10% et jusqu&rsquo;\u00e0\u00a0 89 % de r\u00e9ductions<\/p>\t\t\t\t\t\t\t\t<\/div>\n\t\t\t\t\t<\/div>\n\t\t\t\t<\/div>\n\t\t<div class=\"elementor-element elementor-element-ff94428 e-flex e-con-boxed e-con e-parent\" data-id=\"ff94428\" data-element_type=\"container\" data-e-type=\"container\">\n\t\t\t\t\t<div class=\"e-con-inner\">\n\t\t\t\t<div class=\"elementor-element elementor-element-7010922 elementor-widget elementor-widget-heading\" data-id=\"7010922\" data-element_type=\"widget\" data-e-type=\"widget\" data-widget_type=\"heading.default\">\n\t\t\t\t\t<h2 class=\"elementor-heading-title elementor-size-default\">Pourquoi nos tarifs sont ils si attractifs ?<\/h2>\t\t\t\t<\/div>\n\t\t\t\t<div class=\"elementor-element elementor-element-621e378 elementor-widget elementor-widget-text-editor\" data-id=\"621e378\" data-element_type=\"widget\" data-e-type=\"widget\" data-widget_type=\"text-editor.default\">\n\t\t\t\t\t\t\t\t\t<p>Les cr\u00e9neaux horaires les moins convoit\u00e9s b\u00e9n\u00e9ficient de tarifs exceptionnels jusqu&rsquo;\u00e0&nbsp; 9.90\u20ac, ces tarifs peuvent \u00eatre mis en place de mani\u00e8re r\u00e9guli\u00e8re ou ponctuelle sous la forme de ventes flash. Vous pouvez visualiser ces ventes Flash au cours de votre r\u00e9servation, quand vous faites le choix de votre rendez-vous, ils sont signal\u00e9s par une icone .<br>Si vous souhaitez des informations suppl\u00e9mentaires sur le fonctionnement de nos tarifs contactez nous&nbsp; par mail \u00e0&nbsp; l&rsquo;adresse contact@ct-malin.com.<br>Chaque centre de contr\u00f4le technique est libre de choisir ses tarifs et ses r\u00e9ductions, ils peuvent \u00e9galement vous proposer des options, comme \u00ab\u00a0Assurance contre visite\u00a0\u00bb, \u00ab\u00a0Report de rendez-vous\u00a0\u00bb.<\/p>\n<p>Avec CT Malin aucune surprise, les tarifs affich\u00e9s ne comportent aucun frais cach\u00e9, les prix que vous voyez sont ceux que vous paierez, c&rsquo;est un engagement de CT Malin et ceux depuis sa cr\u00e9ation.<\/p>\t\t\t\t\t\t\t\t<\/div>\n\t\t\t\t\t<\/div>\n\t\t\t\t<\/div>\n\t\t<div class=\"elementor-element elementor-element-3f7cf51 e-flex e-con-boxed e-con e-parent\" data-id=\"3f7cf51\" data-element_type=\"container\" data-e-type=\"container\">\n\t\t\t\t\t<div class=\"e-con-inner\">\n\t\t\t\t<div class=\"elementor-element elementor-element-09a40a5 elementor-widget elementor-widget-heading\" data-id=\"09a40a5\" data-element_type=\"widget\" data-e-type=\"widget\" data-widget_type=\"heading.default\">\n\t\t\t\t\t<h2 class=\"elementor-heading-title elementor-size-default\">Paiement<\/h2>\t\t\t\t<\/div>\n\t\t\t\t<div class=\"elementor-element elementor-element-18e0aba elementor-widget elementor-widget-text-editor\" data-id=\"18e0aba\" data-element_type=\"widget\" data-e-type=\"widget\" data-widget_type=\"text-editor.default\">\n\t\t\t\t\t\t\t\t\t<p>Afin d&rsquo;assurer ces tarifs comp\u00e9titifs, chaque rendez-vous pris doit \u00eatre pay\u00e9 en ligne, ce qui assure \u00e0\u00a0 chaque centre de contr\u00f4le technique, d&rsquo;optimiser leur planning et ainsi de vous proposer encore plus de ventes flash ou de tarifs tr\u00e8s avantageux.<\/p><p>Chaque paiement en ligne est s\u00e9curis\u00e9 car il se fait directement sur la page de la banque de chaque centre de contr\u00f4le technique.<\/p>\t\t\t\t\t\t\t\t<\/div>\n\t\t\t\t\t<\/div>\n\t\t\t\t<\/div>\n\t\t<div class=\"elementor-element elementor-element-badb109 e-flex e-con-boxed e-con e-parent\" data-id=\"badb109\" data-element_type=\"container\" data-e-type=\"container\">\n\t\t\t\t\t<div class=\"e-con-inner\">\n\t\t\t\t<div class=\"elementor-element elementor-element-57f8300 elementor-widget elementor-widget-heading\" data-id=\"57f8300\" data-element_type=\"widget\" data-e-type=\"widget\" data-widget_type=\"heading.default\">\n\t\t\t\t\t<h2 class=\"elementor-heading-title elementor-size-default\">R\u00e9tractation<\/h2>\t\t\t\t<\/div>\n\t\t\t\t<div class=\"elementor-element elementor-element-ff155c2 elementor-widget elementor-widget-text-editor\" data-id=\"ff155c2\" data-element_type=\"widget\" data-e-type=\"widget\" data-widget_type=\"text-editor.default\">\n\t\t\t\t\t\t\t\t\t<p>Pour chaque paiement comme le pr\u00e9cise la loi Hamon : Vous b\u00e9n\u00e9ficiez d&rsquo;un d\u00e9lai de r\u00e9tractation de 14 jours, \u00e0\u00a0 condition que la date de votre rendez-vous pour votre contr\u00f4le technique ne soit pas d\u00e9pass\u00e9e.<\/p>\t\t\t\t\t\t\t\t<\/div>\n\t\t\t\t\t<\/div>\n\t\t\t\t<\/div>\n\t\t\t\t<\/div>\n\t\t","protected":false},"excerpt":{"rendered":"<p>La Qualit\u00e9 CT MALIN La Qualit\u00e9 des contr\u00f4les techniques CT MALIN \u00e0\u00a0 petit prix, pas cher mais de grande qualit\u00e9En devenant adh\u00e9rant \u00e0\u00a0 CT Malin, nos centres partenaires se sont engag\u00e9s \u00e0\u00a0 respecter une charte de qualit\u00e9 concernant leurs prestations. Petits prix mais grande qualit\u00e9 ! En plus du fait que tous nos centres partenaires [&hellip;]<\/p>\n","protected":false},"author":1,"featured_media":0,"parent":0,"menu_order":0,"comment_status":"closed","ping_status":"closed","template":"","meta":{"footnotes":""},"class_list":["post-20","page","type-page","status-publish","hentry"],"_links":{"self":[{"href":"https:\/\/www.ct-malin.com\/controle-technique-pas-cher\/wp-json\/wp\/v2\/pages\/20","targetHints":{"allow":["GET"]}}],"collection":[{"href":"https:\/\/www.ct-malin.com\/controle-technique-pas-cher\/wp-json\/wp\/v2\/pages"}],"about":[{"href":"https:\/\/www.ct-malin.com\/controle-technique-pas-cher\/wp-json\/wp\/v2\/types\/page"}],"author":[{"embeddable":true,"href":"https:\/\/www.ct-malin.com\/controle-technique-pas-cher\/wp-json\/wp\/v2\/users\/1"}],"replies":[{"embeddable":true,"href":"https:\/\/www.ct-malin.com\/controle-technique-pas-cher\/wp-json\/wp\/v2\/comments?post=20"}],"version-history":[{"count":24,"href":"https:\/\/www.ct-malin.com\/controle-technique-pas-cher\/wp-json\/wp\/v2\/pages\/20\/revisions"}],"predecessor-version":[{"id":1218,"href":"https:\/\/www.ct-malin.com\/controle-technique-pas-cher\/wp-json\/wp\/v2\/pages\/20\/revisions\/1218"}],"wp:attachment":[{"href":"https:\/\/www.ct-malin.com\/controle-technique-pas-cher\/wp-json\/wp\/v2\/media?parent=20"}],"curies":[{"name":"wp","href":"https:\/\/api.w.org\/{rel}","templated":true}]}}