{"id":144,"date":"2017-08-31T09:21:28","date_gmt":"2017-08-31T07:21:28","guid":{"rendered":"http:\/\/test.ct-malin.fr\/controle-technique\/?page_id=144"},"modified":"2024-12-13T15:20:57","modified_gmt":"2024-12-13T14:20:57","slug":"mentions-legales","status":"publish","type":"page","link":"https:\/\/www.ct-malin.com\/controle-technique-pas-cher\/mentions-legales\/","title":{"rendered":"Mentions l\u00e9gales"},"content":{"rendered":"\t\t<div data-elementor-type=\"wp-page\" data-elementor-id=\"144\" class=\"elementor elementor-144\" data-elementor-post-type=\"page\">\n\t\t\t\t<div class=\"elementor-element elementor-element-9e06956 e-flex e-con-boxed e-con e-parent\" data-id=\"9e06956\" data-element_type=\"container\" data-e-type=\"container\">\n\t\t\t\t\t<div class=\"e-con-inner\">\n\t\t\t\t<div class=\"elementor-element elementor-element-66296f4 elementor-widget elementor-widget-shortcode\" data-id=\"66296f4\" data-element_type=\"widget\" data-e-type=\"widget\" data-widget_type=\"shortcode.default\">\n\t\t\t\t\t\t\t<div class=\"elementor-shortcode\"><nav aria-label=\"breadcrumbs\" class=\"rank-math-breadcrumb\"><p><span class=\"last\">Accueil<\/span><\/p><\/nav><\/div>\n\t\t\t\t\t\t<\/div>\n\t\t\t\t<div class=\"elementor-element elementor-element-8b9e644 elementor-widget elementor-widget-heading\" data-id=\"8b9e644\" data-element_type=\"widget\" data-e-type=\"widget\" data-widget_type=\"heading.default\">\n\t\t\t\t\t<h1 class=\"elementor-heading-title elementor-size-default\">Mentions l\u00e9gales<\/h1>\t\t\t\t<\/div>\n\t\t\t\t\t<\/div>\n\t\t\t\t<\/div>\n\t\t<div class=\"elementor-element elementor-element-de0a68c e-flex e-con-boxed e-con e-parent\" data-id=\"de0a68c\" data-element_type=\"container\" data-e-type=\"container\">\n\t\t\t\t\t<div class=\"e-con-inner\">\n\t\t\t\t<div class=\"elementor-element elementor-element-fbc2a93 elementor-widget elementor-widget-heading\" data-id=\"fbc2a93\" data-element_type=\"widget\" data-e-type=\"widget\" data-widget_type=\"heading.default\">\n\t\t\t\t\t<h2 class=\"elementor-heading-title elementor-size-default\">CT Malin\u2122 Contr\u00f4le Technique<\/h2>\t\t\t\t<\/div>\n\t\t\t\t<div class=\"elementor-element elementor-element-425b380 elementor-widget elementor-widget-text-editor\" data-id=\"425b380\" data-element_type=\"widget\" data-e-type=\"widget\" data-widget_type=\"text-editor.default\">\n\t\t\t\t\t\t\t\t\t<p>SO.FI.PER\u00a0<\/p><p>LIMEUIL &#8211; 24510<br \/>Siret : 41173277900029<\/p><p>Mail : contact@ct-malin.com<\/p>\t\t\t\t\t\t\t\t<\/div>\n\t\t\t\t\t<\/div>\n\t\t\t\t<\/div>\n\t\t<div class=\"elementor-element elementor-element-be6fbb4 e-flex e-con-boxed e-con e-parent\" data-id=\"be6fbb4\" data-element_type=\"container\" data-e-type=\"container\">\n\t\t\t\t\t<div class=\"e-con-inner\">\n\t\t\t\t<div class=\"elementor-element elementor-element-f8da137 elementor-widget elementor-widget-heading\" data-id=\"f8da137\" data-element_type=\"widget\" data-e-type=\"widget\" data-widget_type=\"heading.default\">\n\t\t\t\t\t<h2 class=\"elementor-heading-title elementor-size-default\">Web in Com - Cr\u00e9ation de site internet - infog\u00e9rance<\/h2>\t\t\t\t<\/div>\n\t\t\t\t<div class=\"elementor-element elementor-element-2577844 elementor-widget elementor-widget-text-editor\" data-id=\"2577844\" data-element_type=\"widget\" data-e-type=\"widget\" data-widget_type=\"text-editor.default\">\n\t\t\t\t\t\t\t\t\t<p>Agence de communication Web<br \/>Contact : https:\/\/web-in-com.com\/contact\/<br \/><a href=\"https:\/\/web-in-com.com\/\" target=\"_blank\" rel=\"noopener\">https:\/\/web-in-com.com<\/a><\/p>\t\t\t\t\t\t\t\t<\/div>\n\t\t\t\t\t<\/div>\n\t\t\t\t<\/div>\n\t\t<div class=\"elementor-element elementor-element-af1f2b6 e-flex e-con-boxed e-con e-parent\" data-id=\"af1f2b6\" data-element_type=\"container\" data-e-type=\"container\">\n\t\t\t\t\t<div class=\"e-con-inner\">\n\t\t\t\t<div class=\"elementor-element elementor-element-458b1da elementor-widget elementor-widget-heading\" data-id=\"458b1da\" data-element_type=\"widget\" data-e-type=\"widget\" data-widget_type=\"heading.default\">\n\t\t\t\t\t<h2 class=\"elementor-heading-title elementor-size-default\">Propri\u00e9t\u00e9 intellectuelle<\/h2>\t\t\t\t<\/div>\n\t\t\t\t<div class=\"elementor-element elementor-element-d4e99a7 elementor-widget elementor-widget-text-editor\" data-id=\"d4e99a7\" data-element_type=\"widget\" data-e-type=\"widget\" data-widget_type=\"text-editor.default\">\n\t\t\t\t\t\t\t\t\t<p>Tous les \u00e9l\u00e9ments de ce site, tels que le texte, les logos, les marques, les noms de domaine, les graphismes, les images et photos, les animations, l&rsquo;ergonomie du site sont la propri\u00e9t\u00e9 exclusive de CT Malin Contr\u00f4le Technique.\u00a0<\/p><p>Ces \u00e9l\u00e9ments sont prot\u00e9g\u00e9s par la loi fran\u00e7aise et les lois internationales relatives \u00e0 la propri\u00e9t\u00e9 intellectuelle.<\/p><p>\u00a0N&rsquo;importe quelle utilisation y compris la reproduction m\u00eame partielle, la modification, la distribution, la transmission, l&rsquo;affichage du contenu ou de l&rsquo;un des \u00e9l\u00e9ments de ce site est strictement interdite sans l&rsquo;accord pr\u00e9alable et \u00e9crit de CT Malin Contr\u00f4le Technique, \u00e0 l&rsquo;exception : D&rsquo;une stricte utilisation pour les besoins de la presse et sous r\u00e9serve du respect des droits de propri\u00e9t\u00e9 intellectuelle D&rsquo;une copie \u00e0 usage priv\u00e9 pour un usage personnel, priv\u00e9 et non-commercial.\u00a0<\/p><p>Le non-respect de cette interdiction peut constituer une contrefa\u00e7on des droits de propri\u00e9t\u00e9 intellectuelle et peut \u00e0 ce titre engager votre responsabilit\u00e9, y compris sur un plan p\u00e9nal. Si vous souhaitez utiliser des \u00e9l\u00e9ments de ce site, contactez-nous par mail \u00e0 contact@ct-malin.com<\/p>\t\t\t\t\t\t\t\t<\/div>\n\t\t\t\t\t<\/div>\n\t\t\t\t<\/div>\n\t\t<div class=\"elementor-element elementor-element-fb6aeac e-flex e-con-boxed e-con e-parent\" data-id=\"fb6aeac\" data-element_type=\"container\" data-e-type=\"container\">\n\t\t\t\t\t<div class=\"e-con-inner\">\n\t\t\t\t<div class=\"elementor-element elementor-element-b03fb20 elementor-widget elementor-widget-heading\" data-id=\"b03fb20\" data-element_type=\"widget\" data-e-type=\"widget\" data-widget_type=\"heading.default\">\n\t\t\t\t\t<h2 class=\"elementor-heading-title elementor-size-default\">Responsabilit\u00e9 quant aux informations<\/h2>\t\t\t\t<\/div>\n\t\t\t\t<div class=\"elementor-element elementor-element-e576675 elementor-widget elementor-widget-text-editor\" data-id=\"e576675\" data-element_type=\"widget\" data-e-type=\"widget\" data-widget_type=\"text-editor.default\">\n\t\t\t\t\t\t\t\t\t<p>Les informations contenues sur le site Web sont donn\u00e9es \u00e0 titre indicatif uniquement sans aucune garantie quant \u00e0 leur exactitude, mise \u00e0 jour ou exhaustivit\u00e9. La responsabilit\u00e9 de CT Malin Contr\u00f4le Technique ne pourra donc pas \u00eatre recherch\u00e9e sur ce point.\u00a0<\/p><p>Il est rappel\u00e9 que CT Malin Contr\u00f4le Technique peut \u00eatre amen\u00e9 \u00e0 tout moment \u00e0 ajouter, supprimer ou modifier tout ou partie des services inclus dans le site Web, sans que cela ne mette en jeu sa responsabilit\u00e9.<\/p>\t\t\t\t\t\t\t\t<\/div>\n\t\t\t\t\t<\/div>\n\t\t\t\t<\/div>\n\t\t<div class=\"elementor-element elementor-element-133f7f5 e-flex e-con-boxed e-con e-parent\" data-id=\"133f7f5\" data-element_type=\"container\" data-e-type=\"container\">\n\t\t\t\t\t<div class=\"e-con-inner\">\n\t\t\t\t<div class=\"elementor-element elementor-element-77f8aa7 elementor-widget elementor-widget-heading\" data-id=\"77f8aa7\" data-element_type=\"widget\" data-e-type=\"widget\" data-widget_type=\"heading.default\">\n\t\t\t\t\t<h2 class=\"elementor-heading-title elementor-size-default\">Informatique et Libert\u00e9s<\/h2>\t\t\t\t<\/div>\n\t\t\t\t<div class=\"elementor-element elementor-element-062a12c elementor-widget elementor-widget-text-editor\" data-id=\"062a12c\" data-element_type=\"widget\" data-e-type=\"widget\" data-widget_type=\"text-editor.default\">\n\t\t\t\t\t\t\t\t\t<p>En aucun cas CT Malin Contr\u00f4le Technique ne divulguera \u00e0 des tiers les donn\u00e9es personnelles que l&rsquo;internaute pourrait lui communiquer par le biais du site ou au moyen de la messagerie \u00e9lectronique.\u00a0<\/p><p>Conform\u00e9ment \u00e0 la loi \u00ab informatique et libert\u00e9s \u00bb n\u00b0 78-17 du 6 janvier 1978, l&rsquo;internaute dispose d&rsquo;un droit individuel d&rsquo;acc\u00e8s, de modification, de rectification et de suppression des donn\u00e9es personnelles le concernant.\u00a0<\/p><p>Ce droit peut \u00eatre exerc\u00e9 en nous \u00e9crivant \u00e0 l&rsquo;adresse suivante : CT Malin Contr\u00f4le Technique &#8211; SO.FI.PER Guerlerie &#8211; 24510 LIMEUIL.\u00a0<\/p><p>En revanche, toute information n&rsquo;int\u00e9grant pas de donn\u00e9e personnelle envoy\u00e9e a CT Malin Contr\u00f4le Technique par le biais du site web sera consid\u00e9r\u00e9e comme non confidentielle et non d\u00e9pos\u00e9e.\u00a0<\/p><p>CT Malin Contr\u00f4le Technique ou l&rsquo;une quelconque de ses filiales pourront donc utiliser cette information sans engager leur responsabilit\u00e9.<\/p>\t\t\t\t\t\t\t\t<\/div>\n\t\t\t\t\t<\/div>\n\t\t\t\t<\/div>\n\t\t<div class=\"elementor-element elementor-element-e8116b2 e-flex e-con-boxed e-con e-parent\" data-id=\"e8116b2\" data-element_type=\"container\" data-e-type=\"container\">\n\t\t\t\t\t<div class=\"e-con-inner\">\n\t\t\t\t<div class=\"elementor-element elementor-element-26de0f6 elementor-widget elementor-widget-heading\" data-id=\"26de0f6\" data-element_type=\"widget\" data-e-type=\"widget\" data-widget_type=\"heading.default\">\n\t\t\t\t\t<h2 class=\"elementor-heading-title elementor-size-default\">Attribution de juridiction<\/h2>\t\t\t\t<\/div>\n\t\t\t\t<div class=\"elementor-element elementor-element-1dc5e3a elementor-widget elementor-widget-text-editor\" data-id=\"1dc5e3a\" data-element_type=\"widget\" data-e-type=\"widget\" data-widget_type=\"text-editor.default\">\n\t\t\t\t\t\t\t\t\t<p>Les pr\u00e9sentes mentions l\u00e9gales ainsi que les relations entre l&rsquo;internaute et CT Malin Contr\u00f4le Technique sont r\u00e9gies par le droit fran\u00e7ais.\u00a0<\/p><p>Tout litige n&rsquo;ayant pu \u00eatre r\u00e9solu \u00e0 l&rsquo;amiable sera port\u00e9 devant le Tribunal de commerce le plus proche du si\u00e8ge social de CT Malin Contr\u00f4le Technique.<\/p>\t\t\t\t\t\t\t\t<\/div>\n\t\t\t\t\t<\/div>\n\t\t\t\t<\/div>\n\t\t\t\t<\/div>\n\t\t","protected":false},"excerpt":{"rendered":"<p>Mentions l\u00e9gales CT Malin\u2122 Contr\u00f4le Technique SO.FI.PER\u00a0 LIMEUIL &#8211; 24510Siret : 41173277900029 Mail : contact@ct-malin.com Web in Com &#8211; Cr\u00e9ation de site internet &#8211; infog\u00e9rance Agence de communication WebContact : https:\/\/web-in-com.com\/contact\/https:\/\/web-in-com.com Propri\u00e9t\u00e9 intellectuelle Tous les \u00e9l\u00e9ments de ce site, tels que le texte, les logos, les marques, les noms de domaine, les graphismes, les images [&hellip;]<\/p>\n","protected":false},"author":1,"featured_media":0,"parent":0,"menu_order":0,"comment_status":"closed","ping_status":"closed","template":"","meta":{"footnotes":""},"class_list":["post-144","page","type-page","status-publish","hentry"],"_links":{"self":[{"href":"https:\/\/www.ct-malin.com\/controle-technique-pas-cher\/wp-json\/wp\/v2\/pages\/144","targetHints":{"allow":["GET"]}}],"collection":[{"href":"https:\/\/www.ct-malin.com\/controle-technique-pas-cher\/wp-json\/wp\/v2\/pages"}],"about":[{"href":"https:\/\/www.ct-malin.com\/controle-technique-pas-cher\/wp-json\/wp\/v2\/types\/page"}],"author":[{"embeddable":true,"href":"https:\/\/www.ct-malin.com\/controle-technique-pas-cher\/wp-json\/wp\/v2\/users\/1"}],"replies":[{"embeddable":true,"href":"https:\/\/www.ct-malin.com\/controle-technique-pas-cher\/wp-json\/wp\/v2\/comments?post=144"}],"version-history":[{"count":24,"href":"https:\/\/www.ct-malin.com\/controle-technique-pas-cher\/wp-json\/wp\/v2\/pages\/144\/revisions"}],"predecessor-version":[{"id":1388,"href":"https:\/\/www.ct-malin.com\/controle-technique-pas-cher\/wp-json\/wp\/v2\/pages\/144\/revisions\/1388"}],"wp:attachment":[{"href":"https:\/\/www.ct-malin.com\/controle-technique-pas-cher\/wp-json\/wp\/v2\/media?parent=144"}],"curies":[{"name":"wp","href":"https:\/\/api.w.org\/{rel}","templated":true}]}}