{"id":1265,"date":"2024-12-13T11:20:23","date_gmt":"2024-12-13T10:20:23","guid":{"rendered":"https:\/\/test.ct-malin.fr\/controle-technique-pas-cher\/?page_id=1265"},"modified":"2025-08-20T08:17:14","modified_gmt":"2025-08-20T06:17:14","slug":"nous-contacter","status":"publish","type":"page","link":"https:\/\/www.ct-malin.com\/controle-technique-pas-cher\/nous-contacter\/","title":{"rendered":"Contact"},"content":{"rendered":"\t\t<div data-elementor-type=\"wp-page\" data-elementor-id=\"1265\" class=\"elementor elementor-1265\" data-elementor-post-type=\"page\">\n\t\t\t\t<div class=\"elementor-element elementor-element-be7811f e-flex e-con-boxed e-con e-parent\" data-id=\"be7811f\" data-element_type=\"container\" data-e-type=\"container\">\n\t\t\t\t\t<div class=\"e-con-inner\">\n\t\t\t\t<div class=\"elementor-element elementor-element-4015a25 elementor-widget elementor-widget-shortcode\" data-id=\"4015a25\" data-element_type=\"widget\" data-e-type=\"widget\" data-widget_type=\"shortcode.default\">\n\t\t\t\t\t\t\t<div class=\"elementor-shortcode\"><nav aria-label=\"breadcrumbs\" class=\"rank-math-breadcrumb\"><p><span class=\"last\">Accueil<\/span><\/p><\/nav><\/div>\n\t\t\t\t\t\t<\/div>\n\t\t\t\t<div class=\"elementor-element elementor-element-f1cef43 elementor-widget elementor-widget-heading\" data-id=\"f1cef43\" data-element_type=\"widget\" data-e-type=\"widget\" data-widget_type=\"heading.default\">\n\t\t\t\t\t<h1 class=\"elementor-heading-title elementor-size-default\">Nous contacter<\/h1>\t\t\t\t<\/div>\n\t\t\t\t<div class=\"elementor-element elementor-element-381820e elementor-widget elementor-widget-text-editor\" data-id=\"381820e\" data-element_type=\"widget\" data-e-type=\"widget\" data-widget_type=\"text-editor.default\">\n\t\t\t\t\t\t\t\t\tTrouver la r\u00e9ponse \u00e0 vos questions\t\t\t\t\t\t\t\t<\/div>\n\t\t\t\t\t<\/div>\n\t\t\t\t<\/div>\n\t\t<div class=\"elementor-element elementor-element-032b4ac e-flex e-con-boxed e-con e-parent\" data-id=\"032b4ac\" data-element_type=\"container\" data-e-type=\"container\">\n\t\t\t\t\t<div class=\"e-con-inner\">\n\t\t<div class=\"elementor-element elementor-element-877d38e e-con-full e-flex e-con e-child\" data-id=\"877d38e\" data-element_type=\"container\" data-e-type=\"container\">\n\t\t\t\t<div class=\"elementor-element elementor-element-b3ad82a elementor-widget elementor-widget-heading\" data-id=\"b3ad82a\" data-element_type=\"widget\" data-e-type=\"widget\" data-widget_type=\"heading.default\">\n\t\t\t\t\t<h2 class=\"elementor-heading-title elementor-size-default\">Vous \u00eates un particulier<\/h2>\t\t\t\t<\/div>\n\t\t\t\t<div class=\"elementor-element elementor-element-cacf82b elementor-widget elementor-widget-text-editor\" data-id=\"cacf82b\" data-element_type=\"widget\" data-e-type=\"widget\" data-widget_type=\"text-editor.default\">\n\t\t\t\t\t\t\t\t\t<p>Avant de nous contacter, vous pouvez consulter notre\u00a0<strong><a href=\"https:\/\/www.ct-malin.com\/controle-technique-pas-cher\/questions-dinternautes-faq\/\">FAQ\u00a0<\/a><\/strong>(Foire aux questions).<\/p><p>Si vous ne trouvez pas votre r\u00e9ponse, vous pouvez nous contacter par mail\u00a0<a href=\"mailto:contact@ct-malin.com\">contact@ct-malin.com<\/a><br \/>ou en cliquant sur \u00ab\u00a0je n&rsquo;ai pas trouv\u00e9 de r\u00e9ponse !\u00a0\u00bb<\/p>\t\t\t\t\t\t\t\t<\/div>\n\t\t\t\t<div class=\"elementor-element elementor-element-9ae429c elementor-align-justify elementor-widget elementor-widget-button\" data-id=\"9ae429c\" data-element_type=\"widget\" data-e-type=\"widget\" data-widget_type=\"button.default\">\n\t\t\t\t\t\t\t\t\t\t<a class=\"elementor-button elementor-button-link elementor-size-sm\" href=\"https:\/\/ct-malin.com\/controle-technique-pas-cher\/contact\/\">\n\t\t\t\t\t\t<span class=\"elementor-button-content-wrapper\">\n\t\t\t\t\t\t\t\t\t<span class=\"elementor-button-text\">Je n'ai pas trouv\u00e9 de r\u00e9ponse !<\/span>\n\t\t\t\t\t<\/span>\n\t\t\t\t\t<\/a>\n\t\t\t\t\t\t\t\t<\/div>\n\t\t\t\t<\/div>\n\t\t<div class=\"elementor-element elementor-element-c899e89 e-con-full e-flex e-con e-child\" data-id=\"c899e89\" data-element_type=\"container\" data-e-type=\"container\">\n\t\t\t\t<div class=\"elementor-element elementor-element-2489cb2 elementor-widget elementor-widget-heading\" data-id=\"2489cb2\" data-element_type=\"widget\" data-e-type=\"widget\" data-widget_type=\"heading.default\">\n\t\t\t\t\t<h2 class=\"elementor-heading-title elementor-size-default\">Vous \u00eates un professionnel du contr\u00f4le technique<\/h2>\t\t\t\t<\/div>\n\t\t\t\t<div class=\"elementor-element elementor-element-3d4773e elementor-widget elementor-widget-text-editor\" data-id=\"3d4773e\" data-element_type=\"widget\" data-e-type=\"widget\" data-widget_type=\"text-editor.default\">\n\t\t\t\t\t\t\t\t\t<p>CT Malin enregistre chaque semaine plusieurs centaines de demandes de rendez-vous, et plus 1 millions de pages sont consult\u00e9es sur CT Malin chaque ann\u00e9e.<\/p><p>Vous souhaitez rejoindre CT malin et obtenir davantage d&rsquo;informations ?<\/p>\t\t\t\t\t\t\t\t<\/div>\n\t\t\t\t<div class=\"elementor-element elementor-element-c22474f elementor-align-justify elementor-widget elementor-widget-button\" data-id=\"c22474f\" data-element_type=\"widget\" data-e-type=\"widget\" data-widget_type=\"button.default\">\n\t\t\t\t\t\t\t\t\t\t<a class=\"elementor-button elementor-button-link elementor-size-sm\" href=\"https:\/\/ct-malin.com\/controle-technique-pas-cher\/contact-professionnels-controle-technique\/\">\n\t\t\t\t\t\t<span class=\"elementor-button-content-wrapper\">\n\t\t\t\t\t\t\t\t\t<span class=\"elementor-button-text\">Je souhaite en savoir plus !<\/span>\n\t\t\t\t\t<\/span>\n\t\t\t\t\t<\/a>\n\t\t\t\t\t\t\t\t<\/div>\n\t\t\t\t<\/div>\n\t\t\t\t\t<\/div>\n\t\t\t\t<\/div>\n\t\t\t\t<\/div>\n\t\t","protected":false},"excerpt":{"rendered":"<p>Nous contacter Trouver la r\u00e9ponse \u00e0 vos questions Vous \u00eates un particulier Avant de nous contacter, vous pouvez consulter notre\u00a0FAQ\u00a0(Foire aux questions). Si vous ne trouvez pas votre r\u00e9ponse, vous pouvez nous contacter par mail\u00a0contact@ct-malin.comou en cliquant sur \u00ab\u00a0je n&rsquo;ai pas trouv\u00e9 de r\u00e9ponse !\u00a0\u00bb Je n&rsquo;ai pas trouv\u00e9 de r\u00e9ponse ! Vous \u00eates un [&hellip;]<\/p>\n","protected":false},"author":1,"featured_media":0,"parent":0,"menu_order":0,"comment_status":"closed","ping_status":"closed","template":"","meta":{"footnotes":""},"class_list":["post-1265","page","type-page","status-publish","hentry"],"_links":{"self":[{"href":"https:\/\/www.ct-malin.com\/controle-technique-pas-cher\/wp-json\/wp\/v2\/pages\/1265","targetHints":{"allow":["GET"]}}],"collection":[{"href":"https:\/\/www.ct-malin.com\/controle-technique-pas-cher\/wp-json\/wp\/v2\/pages"}],"about":[{"href":"https:\/\/www.ct-malin.com\/controle-technique-pas-cher\/wp-json\/wp\/v2\/types\/page"}],"author":[{"embeddable":true,"href":"https:\/\/www.ct-malin.com\/controle-technique-pas-cher\/wp-json\/wp\/v2\/users\/1"}],"replies":[{"embeddable":true,"href":"https:\/\/www.ct-malin.com\/controle-technique-pas-cher\/wp-json\/wp\/v2\/comments?post=1265"}],"version-history":[{"count":53,"href":"https:\/\/www.ct-malin.com\/controle-technique-pas-cher\/wp-json\/wp\/v2\/pages\/1265\/revisions"}],"predecessor-version":[{"id":1592,"href":"https:\/\/www.ct-malin.com\/controle-technique-pas-cher\/wp-json\/wp\/v2\/pages\/1265\/revisions\/1592"}],"wp:attachment":[{"href":"https:\/\/www.ct-malin.com\/controle-technique-pas-cher\/wp-json\/wp\/v2\/media?parent=1265"}],"curies":[{"name":"wp","href":"https:\/\/api.w.org\/{rel}","templated":true}]}}